{"id":108,"date":"2023-01-18T14:33:18","date_gmt":"2023-01-18T14:33:18","guid":{"rendered":"http:\/\/schirnhofer-casting.de\/?page_id=108"},"modified":"2025-07-07T15:40:56","modified_gmt":"2025-07-07T15:40:56","slug":"the-ordinaries","status":"publish","type":"page","link":"http:\/\/schirnhofer-casting.de\/casting-director\/the-ordinaries\/","title":{"rendered":"The Ordinaries"},"content":{"rendered":"\n<p style=\"font-style:normal;font-weight:300\">Kinospielfilm |  Kinostart 30.03.2023 |&nbsp;Erstausstrahlung 13.08.2024<\/p>\n\n\n\n<p style=\"font-style:normal;font-weight:300\"><a rel=\"noreferrer noopener\" href=\"https:\/\/www.youtube.com\/watch?v=Apms0xu_jq0\" target=\"_blank\">Trailer<\/a><\/p>\n\n\n\n<p class=\"has-text-align-center has-extra-small-font-size\" style=\"font-style:normal;font-weight:300\"><em>F\u00fchlst du dich auch manchmal wie eine Nebenfigur in deinem eigenen Leben?<br>Was ist, wenn du wirklich eine bist&#8230;?<\/em><\/p>\n\n\n\n<p style=\"font-size:12px;font-style:normal;font-weight:300\"><strong>Cast<\/strong><br>Fine Sendel, Jule B\u00f6we, Noah Tinwa, Henning Peker, Denise M\u2019Baye, Pasquale Aleardi, Sira-Anna Faal, <br>Noah Bailey,&nbsp; Birgit Berthold, Aurel Manthei, Heinz Wanitschek, Rainer Reiners, Martin Umbach, <br>Paul Stiehler, Michael Pink, Marc Ben Puch, Dela Dabulamanzi, Joy Maria Bai, M\u00e9lanie Fouch\u00e9, Paul Zichner, Gisa Flake, Ben Andrews Rumler, Rike Eckermann, Cino Djavid, Mathias Max Herrmann, Heiko Pinkowski, Sibylle Maria Dordel, Bastian Zierich &amp; Christian Steyer &nbsp;<\/p>\n\n\n\n<figure class=\"wp-block-gallery has-nested-images columns-default is-cropped wp-block-gallery-1 is-layout-flex wp-block-gallery-is-layout-flex\">\n<figure class=\"wp-block-image size-large\"><img loading=\"lazy\" decoding=\"async\" width=\"1024\" height=\"576\" data-id=\"130\" src=\"http:\/\/schirnhofer-casting.de\/wp-content\/uploads\/2023\/01\/The-Ordinaries-4163-marketing-foto-4.f35ec6c75f00738bcfee58ff233b621f.ee670071672132926c6fb6fea16e0d47-2-1024x576.jpg\" alt=\"\" class=\"wp-image-130\" srcset=\"http:\/\/schirnhofer-casting.de\/wp-content\/uploads\/2023\/01\/The-Ordinaries-4163-marketing-foto-4.f35ec6c75f00738bcfee58ff233b621f.ee670071672132926c6fb6fea16e0d47-2-1024x576.jpg 1024w, http:\/\/schirnhofer-casting.de\/wp-content\/uploads\/2023\/01\/The-Ordinaries-4163-marketing-foto-4.f35ec6c75f00738bcfee58ff233b621f.ee670071672132926c6fb6fea16e0d47-2-300x169.jpg 300w, http:\/\/schirnhofer-casting.de\/wp-content\/uploads\/2023\/01\/The-Ordinaries-4163-marketing-foto-4.f35ec6c75f00738bcfee58ff233b621f.ee670071672132926c6fb6fea16e0d47-2-768x432.jpg 768w, http:\/\/schirnhofer-casting.de\/wp-content\/uploads\/2023\/01\/The-Ordinaries-4163-marketing-foto-4.f35ec6c75f00738bcfee58ff233b621f.ee670071672132926c6fb6fea16e0d47-2-1536x864.jpg 1536w, http:\/\/schirnhofer-casting.de\/wp-content\/uploads\/2023\/01\/The-Ordinaries-4163-marketing-foto-4.f35ec6c75f00738bcfee58ff233b621f.ee670071672132926c6fb6fea16e0d47-2-1568x882.jpg 1568w, http:\/\/schirnhofer-casting.de\/wp-content\/uploads\/2023\/01\/The-Ordinaries-4163-marketing-foto-4.f35ec6c75f00738bcfee58ff233b621f.ee670071672132926c6fb6fea16e0d47-2.jpg 1600w\" sizes=\"auto, (max-width: 1024px) 100vw, 1024px\" \/><\/figure>\n<\/figure>\n\n\n\n<p style=\"font-size:12px;font-style:normal;font-weight:300\"><strong>Festivals (Auswahl)<\/strong><br>South by Southwest 2023 | Narrative Feature Competition<br>Filmfest M\u00fcnchen 2022 |&nbsp;Neues Deutsches Kino<br>Karlovy Vary Film Festival 2022 |&nbsp;Crystal Globe Competition<br>Zurich Film Festival 2022 |&nbsp;Fokus Wettbewerb<\/p>\n\n\n\n<p style=\"font-size:12px;font-style:normal;font-weight:300\"><strong>Auszeichnungen (Auswahl)<\/strong><br>First Steps Award 2022 | Bester Abendf\u00fcllender Spielfilm<br>F\u00f6rderpreis neues Deutsches Kino (Filmfest M\u00fcnchen 2022): Beste Regie &amp; Beste Produzentische Leistung<br>Bunte New Faces Award 2022 | Bester Deb\u00fctfilm<br>Filmkunstmesse Leipzig 2022 | Publikumspreis<br>Deutscher Filmpreis 2023 <strong>(nominiert)<\/strong> | Bestes Szenenbild &amp; Beste visuelle Effekte und Animation <\/p>\n\n\n\n<figure class=\"wp-block-image size-large is-resized\"><img loading=\"lazy\" decoding=\"async\" src=\"http:\/\/schirnhofer-casting.de\/wp-content\/uploads\/2023\/01\/Ordinaries-2-724x1024.jpg\" alt=\"\" class=\"wp-image-139\" width=\"703\" height=\"994\" srcset=\"http:\/\/schirnhofer-casting.de\/wp-content\/uploads\/2023\/01\/Ordinaries-2-724x1024.jpg 724w, http:\/\/schirnhofer-casting.de\/wp-content\/uploads\/2023\/01\/Ordinaries-2-212x300.jpg 212w, http:\/\/schirnhofer-casting.de\/wp-content\/uploads\/2023\/01\/Ordinaries-2-768x1086.jpg 768w, http:\/\/schirnhofer-casting.de\/wp-content\/uploads\/2023\/01\/Ordinaries-2-1086x1536.jpg 1086w, http:\/\/schirnhofer-casting.de\/wp-content\/uploads\/2023\/01\/Ordinaries-2.jpg 1131w\" sizes=\"auto, (max-width: 703px) 100vw, 703px\" \/><\/figure>\n\n\n\n<p style=\"font-size:12px;font-style:normal;font-weight:300\"><strong>Presse (Auswahl)<\/strong><br>\u201aThe film\u2019s diverse casting also speaks to Linnenbaum\u2019s point.&#8216;<br><span style=\"text-decoration: underline;\"><a href=\"https:\/\/variety.com\/2022\/film\/global\/sophie-linnenbaum-the-ordinaries-1235308041\/\" target=\"_blank\" rel=\"noreferrer noopener\">Variety<\/a><\/span><br><br>&#8218;Ph\u00e4nomenales Kino \u2013 made in Germany&#8216;<a href=\"https:\/\/www.welt.de\/kultur\/kino\/article244629324\/The-Ordinaries-Phaenomenales-Kino-made-in-Germany.html\" target=\"_blank\" rel=\"noreferrer noopener\"><br>Welt<\/a><br><br>\u201aThe Ordinaries shows ambition and craft on a mightily impressive level\u2019<br><a href=\"https:\/\/www.screendaily.com\/reviews\/the-ordinaries-munich-review\/5171921.article\" target=\"_blank\" rel=\"noreferrer noopener\">Screen Daily<\/a><br><br>\u201aKaum ist der Abspann gelaufen, stellt sich beim Betrachter das dringende Bed\u00fcrfnis ein, &#8222;The Ordinaries&#8220; gleich noch einmal anzusehen\u2019<br><a href=\"https:\/\/www.sueddeutsche.de\/muenchen\/starnberg\/the-ordinaries-sophie-linnenbaum-fuenfseen-filmfestival-junges-kino-cinemamobile-1.5647789\" target=\"_blank\" rel=\"noreferrer noopener\">S\u00fcddeutsche Zeitung<\/a><br><\/p>\n\n\n\n<figure class=\"wp-block-image size-large\"><img loading=\"lazy\" decoding=\"async\" width=\"1024\" height=\"614\" src=\"http:\/\/schirnhofer-casting.de\/wp-content\/uploads\/2023\/01\/The_Ordinaries-online1-2-1024x614.jpg\" alt=\"\" class=\"wp-image-138\" srcset=\"http:\/\/schirnhofer-casting.de\/wp-content\/uploads\/2023\/01\/The_Ordinaries-online1-2-1024x614.jpg 1024w, http:\/\/schirnhofer-casting.de\/wp-content\/uploads\/2023\/01\/The_Ordinaries-online1-2-300x180.jpg 300w, http:\/\/schirnhofer-casting.de\/wp-content\/uploads\/2023\/01\/The_Ordinaries-online1-2-768x461.jpg 768w, http:\/\/schirnhofer-casting.de\/wp-content\/uploads\/2023\/01\/The_Ordinaries-online1-2.jpg 1280w\" sizes=\"auto, (max-width: 1024px) 100vw, 1024px\" \/><\/figure>\n\n\n\n<figure class=\"wp-block-image size-large\"><img loading=\"lazy\" decoding=\"async\" width=\"1024\" height=\"576\" src=\"http:\/\/schirnhofer-casting.de\/wp-content\/uploads\/2023\/08\/The-Ordinaries-10-1024x576.jpg\" alt=\"\" class=\"wp-image-330\" srcset=\"http:\/\/schirnhofer-casting.de\/wp-content\/uploads\/2023\/08\/The-Ordinaries-10-1024x576.jpg 1024w, http:\/\/schirnhofer-casting.de\/wp-content\/uploads\/2023\/08\/The-Ordinaries-10-300x169.jpg 300w, http:\/\/schirnhofer-casting.de\/wp-content\/uploads\/2023\/08\/The-Ordinaries-10-768x432.jpg 768w, http:\/\/schirnhofer-casting.de\/wp-content\/uploads\/2023\/08\/The-Ordinaries-10-1536x864.jpg 1536w, http:\/\/schirnhofer-casting.de\/wp-content\/uploads\/2023\/08\/The-Ordinaries-10-2048x1152.jpg 2048w, http:\/\/schirnhofer-casting.de\/wp-content\/uploads\/2023\/08\/The-Ordinaries-10-1568x882.jpg 1568w\" sizes=\"auto, (max-width: 1024px) 100vw, 1024px\" \/><\/figure>\n\n\n\n<figure class=\"wp-block-image size-large\"><img loading=\"lazy\" decoding=\"async\" width=\"1024\" height=\"389\" src=\"http:\/\/schirnhofer-casting.de\/wp-content\/uploads\/2023\/08\/03_THE_ORDINARIES_DoP_VSelmke_proddesign_JLindner_MJSchoenborn_costumes_SPeters_c_Bandenfilm-1-1204x457-1-1024x389.jpg\" alt=\"\" class=\"wp-image-329\" srcset=\"http:\/\/schirnhofer-casting.de\/wp-content\/uploads\/2023\/08\/03_THE_ORDINARIES_DoP_VSelmke_proddesign_JLindner_MJSchoenborn_costumes_SPeters_c_Bandenfilm-1-1204x457-1-1024x389.jpg 1024w, http:\/\/schirnhofer-casting.de\/wp-content\/uploads\/2023\/08\/03_THE_ORDINARIES_DoP_VSelmke_proddesign_JLindner_MJSchoenborn_costumes_SPeters_c_Bandenfilm-1-1204x457-1-300x114.jpg 300w, http:\/\/schirnhofer-casting.de\/wp-content\/uploads\/2023\/08\/03_THE_ORDINARIES_DoP_VSelmke_proddesign_JLindner_MJSchoenborn_costumes_SPeters_c_Bandenfilm-1-1204x457-1-768x292.jpg 768w, http:\/\/schirnhofer-casting.de\/wp-content\/uploads\/2023\/08\/03_THE_ORDINARIES_DoP_VSelmke_proddesign_JLindner_MJSchoenborn_costumes_SPeters_c_Bandenfilm-1-1204x457-1.jpg 1204w\" sizes=\"auto, (max-width: 1024px) 100vw, 1024px\" \/><\/figure>\n\n\n\n<p> <\/p>\n","protected":false},"excerpt":{"rendered":"<p>Kinospielfilm | Kinostart 30.03.2023 |&nbsp;Erstausstrahlung 13.08.2024 Trailer F\u00fchlst du dich auch manchmal wie eine Nebenfigur in deinem eigenen Leben?Was ist, wenn du wirklich eine bist&#8230;? CastFine Sendel, Jule B\u00f6we, Noah Tinwa, Henning Peker, Denise M\u2019Baye, Pasquale Aleardi, Sira-Anna Faal, Noah Bailey,&nbsp; Birgit Berthold, Aurel Manthei, Heinz Wanitschek, Rainer Reiners, Martin Umbach, Paul Stiehler, Michael Pink,&hellip; <a class=\"more-link\" href=\"http:\/\/schirnhofer-casting.de\/casting-director\/the-ordinaries\/\"><span class=\"screen-reader-text\">The Ordinaries<\/span> weiterlesen<\/a><\/p>\n","protected":false},"author":1,"featured_media":121,"parent":0,"menu_order":0,"comment_status":"closed","ping_status":"closed","template":"","meta":{"footnotes":""},"class_list":["post-108","page","type-page","status-publish","has-post-thumbnail","hentry","entry"],"_links":{"self":[{"href":"http:\/\/schirnhofer-casting.de\/casting-director\/wp-json\/wp\/v2\/pages\/108","targetHints":{"allow":["GET"]}}],"collection":[{"href":"http:\/\/schirnhofer-casting.de\/casting-director\/wp-json\/wp\/v2\/pages"}],"about":[{"href":"http:\/\/schirnhofer-casting.de\/casting-director\/wp-json\/wp\/v2\/types\/page"}],"author":[{"embeddable":true,"href":"http:\/\/schirnhofer-casting.de\/casting-director\/wp-json\/wp\/v2\/users\/1"}],"replies":[{"embeddable":true,"href":"http:\/\/schirnhofer-casting.de\/casting-director\/wp-json\/wp\/v2\/comments?post=108"}],"version-history":[{"count":37,"href":"http:\/\/schirnhofer-casting.de\/casting-director\/wp-json\/wp\/v2\/pages\/108\/revisions"}],"predecessor-version":[{"id":810,"href":"http:\/\/schirnhofer-casting.de\/casting-director\/wp-json\/wp\/v2\/pages\/108\/revisions\/810"}],"wp:featuredmedia":[{"embeddable":true,"href":"http:\/\/schirnhofer-casting.de\/casting-director\/wp-json\/wp\/v2\/media\/121"}],"wp:attachment":[{"href":"http:\/\/schirnhofer-casting.de\/casting-director\/wp-json\/wp\/v2\/media?parent=108"}],"curies":[{"name":"wp","href":"https:\/\/api.w.org\/{rel}","templated":true}]}}