{"id":166,"date":"2023-01-18T15:14:16","date_gmt":"2023-01-18T15:14:16","guid":{"rendered":"http:\/\/schirnhofer-casting.de\/?page_id=166"},"modified":"2025-09-16T19:34:55","modified_gmt":"2025-09-16T19:34:55","slug":"geister-at","status":"publish","type":"page","link":"http:\/\/schirnhofer-casting.de\/casting-director\/geister-at\/","title":{"rendered":"GEISTER"},"content":{"rendered":"\n<p style=\"font-style:normal;font-weight:300\">Kinospielfilm <\/p>\n\n\n\n<p class=\"has-text-align-center has-extra-small-font-size\" style=\"font-style:normal;font-weight:300\"><em>Um den letzten Willen seines besten Freundes durchzusetzen, begibt&nbsp;David sich zusammen mit dessen Geist auf eine Odyssee durch die&nbsp;Erinnerungen und Geheimnisse einer trauernden Familie und entdeckt&nbsp;dabei seine Freundschaft zu dem Toten wieder.<\/em><\/p>\n\n\n\n<figure class=\"wp-block-image size-large\"><img loading=\"lazy\" decoding=\"async\" width=\"1024\" height=\"429\" src=\"http:\/\/schirnhofer-casting.de\/wp-content\/uploads\/2023\/12\/geister_castamalkeller_cmoviebratspicturesfilmuniversitaetbabelsbergrbb-jpg-1024x429.jpg\" alt=\"\" class=\"wp-image-481\" srcset=\"http:\/\/schirnhofer-casting.de\/wp-content\/uploads\/2023\/12\/geister_castamalkeller_cmoviebratspicturesfilmuniversitaetbabelsbergrbb-jpg-1024x429.jpg 1024w, http:\/\/schirnhofer-casting.de\/wp-content\/uploads\/2023\/12\/geister_castamalkeller_cmoviebratspicturesfilmuniversitaetbabelsbergrbb-jpg-300x126.jpg 300w, http:\/\/schirnhofer-casting.de\/wp-content\/uploads\/2023\/12\/geister_castamalkeller_cmoviebratspicturesfilmuniversitaetbabelsbergrbb-jpg-768x322.jpg 768w, http:\/\/schirnhofer-casting.de\/wp-content\/uploads\/2023\/12\/geister_castamalkeller_cmoviebratspicturesfilmuniversitaetbabelsbergrbb-jpg-1536x644.jpg 1536w, http:\/\/schirnhofer-casting.de\/wp-content\/uploads\/2023\/12\/geister_castamalkeller_cmoviebratspicturesfilmuniversitaetbabelsbergrbb-jpg-1568x657.jpg 1568w, http:\/\/schirnhofer-casting.de\/wp-content\/uploads\/2023\/12\/geister_castamalkeller_cmoviebratspicturesfilmuniversitaetbabelsbergrbb-jpg.jpg 2048w\" sizes=\"auto, (max-width: 1024px) 100vw, 1024px\" \/><\/figure>\n\n\n\n<p style=\"font-size:12px;font-style:normal;font-weight:300\"><strong>Cast<\/strong><br>Manolo Bertling, Ali Berber, Amal Keller, Ute Lubosch, Gabija Siurbyte, Hans Br\u00fcckner &amp; Laurids Sch\u00fcrmann<\/p>\n\n\n\n<p style=\"font-size:12px\"><strong>Nominierung<\/strong><br>First Steps Award 2024 | G\u00f6tz George Nachwuchspreis &#8211; Beste Schauspielerin, Amal Keller<\/p>\n\n\n\n<p style=\"font-size:12px;font-style:normal;font-weight:300\"><strong>Festivals<\/strong><br>Filmfestival Max Oph\u00fcls Preis 2024 | Wettbewerb <br>Achtung Berlin 2024 |&nbsp;Berlin Spotlights<\/p>\n\n\n\n<figure class=\"wp-block-image size-full\"><img loading=\"lazy\" decoding=\"async\" width=\"724\" height=\"1024\" src=\"http:\/\/schirnhofer-casting.de\/wp-content\/uploads\/2024\/02\/Poster-1.jpg\" alt=\"\" class=\"wp-image-541\" srcset=\"http:\/\/schirnhofer-casting.de\/wp-content\/uploads\/2024\/02\/Poster-1.jpg 724w, http:\/\/schirnhofer-casting.de\/wp-content\/uploads\/2024\/02\/Poster-1-212x300.jpg 212w\" sizes=\"auto, (max-width: 724px) 100vw, 724px\" \/><\/figure>\n\n\n\n<figure class=\"wp-block-image size-large\"><img loading=\"lazy\" decoding=\"async\" width=\"1024\" height=\"424\" src=\"http:\/\/schirnhofer-casting.de\/wp-content\/uploads\/2023\/12\/geister03-1024x424.jpg\" alt=\"\" class=\"wp-image-483\" srcset=\"http:\/\/schirnhofer-casting.de\/wp-content\/uploads\/2023\/12\/geister03-1024x424.jpg 1024w, http:\/\/schirnhofer-casting.de\/wp-content\/uploads\/2023\/12\/geister03-300x124.jpg 300w, http:\/\/schirnhofer-casting.de\/wp-content\/uploads\/2023\/12\/geister03-768x318.jpg 768w, http:\/\/schirnhofer-casting.de\/wp-content\/uploads\/2023\/12\/geister03-1536x636.jpg 1536w, http:\/\/schirnhofer-casting.de\/wp-content\/uploads\/2023\/12\/geister03-1568x649.jpg 1568w, http:\/\/schirnhofer-casting.de\/wp-content\/uploads\/2023\/12\/geister03.jpg 2048w\" sizes=\"auto, (max-width: 1024px) 100vw, 1024px\" \/><\/figure>\n\n\n\n<figure class=\"wp-block-image size-full\"><img loading=\"lazy\" decoding=\"async\" width=\"899\" height=\"377\" src=\"http:\/\/schirnhofer-casting.de\/wp-content\/uploads\/2023\/12\/GEISTER_Still_2_\u00a9MovieBratsPicturesFilmuniversitaetBabelsbergRBB.jpg\" alt=\"\" class=\"wp-image-470\" srcset=\"http:\/\/schirnhofer-casting.de\/wp-content\/uploads\/2023\/12\/GEISTER_Still_2_\u00a9MovieBratsPicturesFilmuniversitaetBabelsbergRBB.jpg 899w, http:\/\/schirnhofer-casting.de\/wp-content\/uploads\/2023\/12\/GEISTER_Still_2_\u00a9MovieBratsPicturesFilmuniversitaetBabelsbergRBB-300x126.jpg 300w, http:\/\/schirnhofer-casting.de\/wp-content\/uploads\/2023\/12\/GEISTER_Still_2_\u00a9MovieBratsPicturesFilmuniversitaetBabelsbergRBB-768x322.jpg 768w\" sizes=\"auto, (max-width: 899px) 100vw, 899px\" \/><\/figure>\n","protected":false},"excerpt":{"rendered":"<p>Kinospielfilm Um den letzten Willen seines besten Freundes durchzusetzen, begibt&nbsp;David sich zusammen mit dessen Geist auf eine Odyssee durch die&nbsp;Erinnerungen und Geheimnisse einer trauernden Familie und entdeckt&nbsp;dabei seine Freundschaft zu dem Toten wieder. CastManolo Bertling, Ali Berber, Amal Keller, Ute Lubosch, Gabija Siurbyte, Hans Br\u00fcckner &amp; Laurids Sch\u00fcrmann NominierungFirst Steps Award 2024 | G\u00f6tz George&hellip; <a class=\"more-link\" href=\"http:\/\/schirnhofer-casting.de\/casting-director\/geister-at\/\"><span class=\"screen-reader-text\">GEISTER<\/span> weiterlesen<\/a><\/p>\n","protected":false},"author":1,"featured_media":479,"parent":0,"menu_order":0,"comment_status":"closed","ping_status":"closed","template":"","meta":{"footnotes":""},"class_list":["post-166","page","type-page","status-publish","has-post-thumbnail","hentry","entry"],"_links":{"self":[{"href":"http:\/\/schirnhofer-casting.de\/casting-director\/wp-json\/wp\/v2\/pages\/166","targetHints":{"allow":["GET"]}}],"collection":[{"href":"http:\/\/schirnhofer-casting.de\/casting-director\/wp-json\/wp\/v2\/pages"}],"about":[{"href":"http:\/\/schirnhofer-casting.de\/casting-director\/wp-json\/wp\/v2\/types\/page"}],"author":[{"embeddable":true,"href":"http:\/\/schirnhofer-casting.de\/casting-director\/wp-json\/wp\/v2\/users\/1"}],"replies":[{"embeddable":true,"href":"http:\/\/schirnhofer-casting.de\/casting-director\/wp-json\/wp\/v2\/comments?post=166"}],"version-history":[{"count":21,"href":"http:\/\/schirnhofer-casting.de\/casting-director\/wp-json\/wp\/v2\/pages\/166\/revisions"}],"predecessor-version":[{"id":831,"href":"http:\/\/schirnhofer-casting.de\/casting-director\/wp-json\/wp\/v2\/pages\/166\/revisions\/831"}],"wp:featuredmedia":[{"embeddable":true,"href":"http:\/\/schirnhofer-casting.de\/casting-director\/wp-json\/wp\/v2\/media\/479"}],"wp:attachment":[{"href":"http:\/\/schirnhofer-casting.de\/casting-director\/wp-json\/wp\/v2\/media?parent=166"}],"curies":[{"name":"wp","href":"https:\/\/api.w.org\/{rel}","templated":true}]}}